{"id":5849,"date":"2019-04-03T14:30:17","date_gmt":"2019-04-03T14:30:17","guid":{"rendered":"https:\/\/www.bertyn.eu\/uber-uns\/mission-und-vision\/"},"modified":"2019-04-10T14:24:09","modified_gmt":"2019-04-10T14:24:09","slug":"mission-und-vision","status":"publish","type":"page","link":"https:\/\/www.bertyn.eu\/de\/uber-uns\/mission-und-vision\/","title":{"rendered":"Mission und Vision"},"content":{"rendered":"\n<p>Die friedliche Herstellung von leckeren Lebensmitteln mit frischen biologischen Rohstoffen in einer handwerklichen Atmosph\u00e4re mit Sinn f\u00fcr Kreativit\u00e4t.<\/p>\n\n<h2>Unser Umweltziel<\/h2>\n\n<p>Das alles tut Bertyn bereits, um so umweltfreundlich wie m\u00f6glich produzieren zu k\u00f6nnen.<\/p>\n\n<ul>\n<li>Wir verwenden 100% recyceltes Papier<\/li>\n<li>Wir versuchen, das Verpackungsmaterial der Lieferanten vollst\u00e4ndig f\u00fcr unser eigenes Verpackungsmaterial wiederzuverwenden<\/li>\n<li>Das Holz in den Lagerregalen ist 100% FSC-zertifiziert<\/li>\n<li>Die B\u00fcror\u00e4ume wurden mit \u00f6kologischer Naturfarbe angestrichen<\/li>\n<li>Wir gew\u00e4hren einen Fahrradbonus, wenn ein Arbeitnehmer mit dem Fahrrad zur Arbeit kommt<\/li>\n<li>Unsere neuen Etiketten wurden aus biologisch abbaubarem Material (PLA) hergestellt<\/li>\n<li>Die Brosch\u00fcren werden mit pflanzlichen Druckfarben auf 100% ungebleichtem recyceltem Papier gedruckt<\/li>\n<li>Unsere Kochjacken und Kleidung wurden aus Bio-Baumwolle hergestellt<\/li>\n<li>Das Restprodukt der Seitan-Verarbeitung wird als Brennstoff f\u00fcr gr\u00fcne Energie verarbeitet<\/li>\n<li>Die Website wird mit Windenergie gehostet<\/li>\n<\/ul>","protected":false},"excerpt":{"rendered":"<p>Die friedliche Herstellung von leckeren Lebensmitteln mit frischen biologischen Rohstoffen in einer handwerklichen Atmosph\u00e4re mit Sinn f\u00fcr Kreativit\u00e4t. Unser Umweltziel Das alles tut Bertyn bereits, um so umweltfreundlich wie m\u00f6glich produzieren zu k\u00f6nnen. Wir verwenden 100% recyceltes Papier Wir versuchen, das Verpackungsmaterial der Lieferanten vollst\u00e4ndig f\u00fcr unser eigenes Verpackungsmaterial wiederzuverwenden Das Holz in den Lagerregalen [&hellip;]<\/p>\n","protected":false},"author":1,"featured_media":0,"parent":5806,"menu_order":0,"comment_status":"closed","ping_status":"closed","template":"","meta":{"rating_form_position":"","rating_results_position":"","mr_structured_data_type":""},"uagb_featured_image_src":{"full":false,"thumbnail":false,"medium":false,"medium_large":false,"large":false,"1536x1536":false,"2048x2048":false,"page-header":false,"recept-header":false,"recept-overzicht":false},"uagb_author_info":{"display_name":"admin","author_link":"https:\/\/www.bertyn.eu\/de\/author\/admin\/"},"uagb_comment_info":0,"uagb_excerpt":"Die friedliche Herstellung von leckeren Lebensmitteln mit frischen biologischen Rohstoffen in einer handwerklichen Atmosph\u00e4re mit Sinn f\u00fcr Kreativit\u00e4t. Unser Umweltziel Das alles tut Bertyn bereits, um so umweltfreundlich wie m\u00f6glich produzieren zu k\u00f6nnen. Wir verwenden 100% recyceltes Papier Wir versuchen, das Verpackungsmaterial der Lieferanten vollst\u00e4ndig f\u00fcr unser eigenes Verpackungsmaterial wiederzuverwenden Das Holz in den Lagerregalen&hellip;","multi-rating":{"mr_rating_results":[]},"yoast_head":"<!-- This site is optimized with the Yoast SEO plugin v15.1.1 - https:\/\/yoast.com\/wordpress\/plugins\/seo\/ -->\n<title>Mission und Vision - BERTYN<\/title>\n<meta name=\"description\" content=\"Die friedliche Herstellung von leckeren Lebensmitteln mit frischen biologischen Rohstoffen in einer handwerklichen Atmosph\u00e4re mit Sinn f\u00fcr Kreativit\u00e4t.\" \/>\n<meta name=\"robots\" content=\"index, follow, max-snippet:-1, max-image-preview:large, max-video-preview:-1\" \/>\n<link rel=\"canonical\" href=\"https:\/\/www.bertyn.eu\/de\/uber-uns\/mission-und-vision\/\" \/>\n<meta property=\"og:locale\" content=\"de_DE\" \/>\n<meta property=\"og:type\" content=\"article\" \/>\n<meta property=\"og:title\" content=\"Mission und Vision - BERTYN\" \/>\n<meta property=\"og:description\" content=\"Die friedliche Herstellung von leckeren Lebensmitteln mit frischen biologischen Rohstoffen in einer handwerklichen Atmosph\u00e4re mit Sinn f\u00fcr Kreativit\u00e4t.\" \/>\n<meta property=\"og:url\" content=\"https:\/\/www.bertyn.eu\/de\/uber-uns\/mission-und-vision\/\" \/>\n<meta property=\"og:site_name\" content=\"BERTYN\" \/>\n<meta property=\"article:publisher\" content=\"https:\/\/www.facebook.com\/BertynSeitan\/\" \/>\n<meta property=\"article:modified_time\" content=\"2019-04-10T14:24:09+00:00\" \/>\n<meta property=\"og:image\" content=\"https:\/\/www.bertyn.eu\/wp-content\/uploads\/2019\/03\/CATALAANS-BROODJE-MET-SEITAN.jpg\" \/>\n\t<meta property=\"og:image:width\" content=\"1200\" \/>\n\t<meta property=\"og:image:height\" content=\"900\" \/>\n<meta name=\"twitter:card\" content=\"summary_large_image\" \/>\n<meta name=\"twitter:creator\" content=\"@bertynhq\" \/>\n<meta name=\"twitter:site\" content=\"@bertynhq\" \/>\n<script type=\"application\/ld+json\" class=\"yoast-schema-graph\">{\"@context\":\"https:\/\/schema.org\",\"@graph\":[{\"@type\":\"Organization\",\"@id\":\"https:\/\/www.bertyn.eu\/de\/#organization\",\"name\":\"Bertyn\",\"url\":\"https:\/\/www.bertyn.eu\/de\/\",\"sameAs\":[\"https:\/\/www.facebook.com\/BertynSeitan\/\",\"https:\/\/www.instagram.com\/bertyn.seitan\/\",\"https:\/\/twitter.com\/bertynhq\"],\"logo\":{\"@type\":\"ImageObject\",\"@id\":\"https:\/\/www.bertyn.eu\/de\/#logo\",\"inLanguage\":\"de\",\"url\":\"https:\/\/www.bertyn.eu\/wp-content\/uploads\/2019\/03\/logo_bertyn_tekens.png\",\"width\":386,\"height\":591,\"caption\":\"Bertyn\"},\"image\":{\"@id\":\"https:\/\/www.bertyn.eu\/de\/#logo\"}},{\"@type\":\"WebSite\",\"@id\":\"https:\/\/www.bertyn.eu\/de\/#website\",\"url\":\"https:\/\/www.bertyn.eu\/de\/\",\"name\":\"BERTYN\",\"description\":\"SEITAN | Der ideale Ersatz f\\u00fcr Fleisch und Fisch: Proteinreich, kohlenhydratarm und fettarm\",\"publisher\":{\"@id\":\"https:\/\/www.bertyn.eu\/de\/#organization\"},\"potentialAction\":[{\"@type\":\"SearchAction\",\"target\":\"https:\/\/www.bertyn.eu\/de\/?s={search_term_string}\",\"query-input\":\"required name=search_term_string\"}],\"inLanguage\":\"de\"},{\"@type\":\"WebPage\",\"@id\":\"https:\/\/www.bertyn.eu\/de\/uber-uns\/mission-und-vision\/#webpage\",\"url\":\"https:\/\/www.bertyn.eu\/de\/uber-uns\/mission-und-vision\/\",\"name\":\"Mission und Vision - BERTYN\",\"isPartOf\":{\"@id\":\"https:\/\/www.bertyn.eu\/de\/#website\"},\"datePublished\":\"2019-04-03T14:30:17+00:00\",\"dateModified\":\"2019-04-10T14:24:09+00:00\",\"description\":\"Die friedliche Herstellung von leckeren Lebensmitteln mit frischen biologischen Rohstoffen in einer handwerklichen Atmosph\\u00e4re mit Sinn f\\u00fcr Kreativit\\u00e4t.\",\"breadcrumb\":{\"@id\":\"https:\/\/www.bertyn.eu\/de\/uber-uns\/mission-und-vision\/#breadcrumb\"},\"inLanguage\":\"de\",\"potentialAction\":[{\"@type\":\"ReadAction\",\"target\":[\"https:\/\/www.bertyn.eu\/de\/uber-uns\/mission-und-vision\/\"]}]},{\"@type\":\"BreadcrumbList\",\"@id\":\"https:\/\/www.bertyn.eu\/de\/uber-uns\/mission-und-vision\/#breadcrumb\",\"itemListElement\":[{\"@type\":\"ListItem\",\"position\":1,\"item\":{\"@type\":\"WebPage\",\"@id\":\"https:\/\/www.bertyn.eu\/de\/\",\"url\":\"https:\/\/www.bertyn.eu\/de\/\",\"name\":\"Home\"}},{\"@type\":\"ListItem\",\"position\":2,\"item\":{\"@type\":\"WebPage\",\"@id\":\"https:\/\/www.bertyn.eu\/de\/uber-uns\/\",\"url\":\"https:\/\/www.bertyn.eu\/de\/uber-uns\/\",\"name\":\"\\u00dcber uns\"}},{\"@type\":\"ListItem\",\"position\":3,\"item\":{\"@type\":\"WebPage\",\"@id\":\"https:\/\/www.bertyn.eu\/de\/uber-uns\/mission-und-vision\/\",\"url\":\"https:\/\/www.bertyn.eu\/de\/uber-uns\/mission-und-vision\/\",\"name\":\"Mission und Vision\"}}]}]}<\/script>\n<!-- \/ Yoast SEO plugin. -->","_links":{"self":[{"href":"https:\/\/www.bertyn.eu\/de\/wp-json\/wp\/v2\/pages\/5849\/"}],"collection":[{"href":"https:\/\/www.bertyn.eu\/de\/wp-json\/wp\/v2\/pages\/"}],"about":[{"href":"https:\/\/www.bertyn.eu\/de\/wp-json\/wp\/v2\/types\/page\/"}],"author":[{"embeddable":true,"href":"https:\/\/www.bertyn.eu\/de\/wp-json\/wp\/v2\/users\/1\/"}],"replies":[{"embeddable":true,"href":"https:\/\/www.bertyn.eu\/de\/wp-json\/wp\/v2\/comments\/?post=5849"}],"version-history":[{"count":0,"href":"https:\/\/www.bertyn.eu\/de\/wp-json\/wp\/v2\/pages\/5849\/revisions\/"}],"up":[{"embeddable":true,"href":"https:\/\/www.bertyn.eu\/de\/wp-json\/wp\/v2\/pages\/5806\/"}],"wp:attachment":[{"href":"https:\/\/www.bertyn.eu\/de\/wp-json\/wp\/v2\/media\/?parent=5849"}],"curies":[{"name":"wp","href":"https:\/\/api.w.org\/{rel}","templated":true}]}}